{"id":755,"date":"2024-03-27T18:59:18","date_gmt":"2024-03-27T18:59:18","guid":{"rendered":"https:\/\/rcican.com\/rcican\/?page_id=755"},"modified":"2024-04-02T16:22:20","modified_gmt":"2024-04-02T16:22:20","slug":"apercu-du-processus-qip","status":"publish","type":"page","link":"https:\/\/rcican.com\/rcican\/notre-programme\/apercu-du-processus-qip\/","title":{"rendered":"Aper\u00e7u du processus PIQ"},"content":{"rendered":"\n<div class=\"wp-block-uagb-container uagb-block-f13js2dz alignfull uagb-is-root-container\"><div class=\"uagb-container-inner-blocks-wrap\">\n<div class=\"wp-block-uagb-container uagb-block-0lvjgu6t\">\n<div class=\"wp-block-uagb-info-box uagb-block-fx5wvyq8 uagb-infobox__content-wrap  uagb-infobox-icon-above-title uagb-infobox-image-valign-top\"><div class=\"uagb-ifb-content\"><div class=\"uagb-ifb-title-wrap\"><h3 class=\"uagb-ifb-title\">Les principales \u00e9tapes d\u2019une candidature PIQ r\u00e9ussie sont les suivantes :\u00a0<\/h3><\/div><p class=\"uagb-ifb-desc\"><br><\/p><\/div><\/div>\n\n\n\n<div class=\"wp-block-uagb-icon-list uagb-block-dazmnkk4\"><div class=\"uagb-icon-list__wrap\">\n<div class=\"wp-block-uagb-icon-list-child uagb-block-3cyigtbc\"><span class=\"uagb-icon-list__source-wrap\"><svg xmlns=\"https:\/\/www.w3.org\/2000\/svg\" viewBox=\"0 0 256 512\"><path d=\"M256 448c0 17.67-14.33 32-32 32H32c-17.67 0-32-14.33-32-32s14.33-32 32-32h64V123.8L49.75 154.6C35.02 164.5 15.19 160.4 5.375 145.8C-4.422 131.1-.4531 111.2 14.25 101.4l96-64c9.828-6.547 22.45-7.187 32.84-1.594C153.5 41.37 160 52.22 160 64.01v352h64C241.7 416 256 430.3 256 448z\"><\/path><\/svg><\/span><span class=\"uagb-icon-list__label\">D\u00e9p\u00f4t de votre demande aux autorit\u00e9s qu\u00e9b\u00e9coises <\/span><\/div>\n\n\n\n<div class=\"wp-block-uagb-icon-list-child uagb-block-2knmwnp2\"><span class=\"uagb-icon-list__source-wrap\"><svg xmlns=\"https:\/\/www.w3.org\/2000\/svg\" viewBox=\"0 0 320 512\"><path d=\"M320 448c0 17.67-14.33 32-32 32H32c-13.08 0-24.83-7.953-29.7-20.09c-4.859-12.12-1.859-26 7.594-35.03l193.6-185.1c31.36-30.17 33.95-80 5.812-113.4c-14.91-17.69-35.86-28.12-58.97-29.38C127.4 95.83 105.3 103.9 88.53 119.9L53.52 151.7c-13.08 11.91-33.33 10.89-45.2-2.172C-3.563 136.5-2.594 116.2 10.48 104.3l34.45-31.3c28.67-27.34 68.39-42.11 108.9-39.88c40.33 2.188 78.39 21.16 104.4 52.03c49.8 59.05 45.2 147.3-10.45 200.8l-136 130H288C305.7 416 320 430.3 320 448z\"><\/path><\/svg><\/span><span class=\"uagb-icon-list__label\">Examen de votre demande par les autorit\u00e9s<\/span><\/div>\n\n\n\n<div class=\"wp-block-uagb-icon-list-child uagb-block-muj2y8bf\"><span class=\"uagb-icon-list__source-wrap\"><svg xmlns=\"https:\/\/www.w3.org\/2000\/svg\" viewBox=\"0 0 320 512\"><path d=\"M320 344c0 74.98-61.02 136-136 136H103.6c-46.34 0-87.31-29.53-101.1-73.48c-5.594-16.77 3.484-34.88 20.25-40.47c16.75-5.609 34.89 3.484 40.47 20.25c5.922 17.77 22.48 29.7 41.23 29.7H184c39.7 0 72-32.3 72-72s-32.3-72-72-72H80c-13.2 0-25.05-8.094-29.83-20.41C45.39 239.3 48.66 225.3 58.38 216.4l131.4-120.4H32c-17.67 0-32-14.33-32-32s14.33-32 32-32h240c13.2 0 25.05 8.094 29.83 20.41c4.781 12.3 1.516 26.27-8.203 35.19l-131.4 120.4H184C258.1 208 320 269 320 344z\"><\/path><\/svg><\/span><span class=\"uagb-icon-list__label\">Demande des autorit\u00e9s qu\u00e9b\u00e9coises pour r\u00e9aliser votre investissement<\/span><\/div>\n\n\n\n<div class=\"wp-block-uagb-icon-list-child uagb-block-mdpiwyiv\"><span class=\"uagb-icon-list__source-wrap\"><svg xmlns=\"https:\/\/www.w3.org\/2000\/svg\" viewBox=\"0 0 384 512\"><path d=\"M384 334.2c0 17.67-14.33 32-32 32h-32v81.78c0 17.67-14.33 32-32 32s-32-14.33-32-32v-81.78H32c-10.97 0-21.17-5.625-27.05-14.89c-5.859-9.266-6.562-20.89-1.875-30.81l128-270.2C138.6 34.33 157.8 27.56 173.7 35.09c15.97 7.562 22.78 26.66 15.22 42.63L82.56 302.2H256V160c0-17.67 14.33-32 32-32s32 14.33 32 32v142.2h32C369.7 302.2 384 316.6 384 334.2z\"><\/path><\/svg><\/span><span class=\"uagb-icon-list__label\">Demande des autorit\u00e9s qu\u00e9b\u00e9coises pour r\u00e9aliser votre investissement\u00a0<\/span><\/div>\n\n\n\n<div class=\"wp-block-uagb-icon-list-child uagb-block-1a389a9d\"><span class=\"uagb-icon-list__source-wrap\"><svg xmlns=\"https:\/\/www.w3.org\/2000\/svg\" viewBox=\"0 0 320 512\"><path d=\"M320 344.6c0 74.66-60.73 135.4-135.4 135.4H104.7c-46.81 0-88.22-29.83-103-74.23c-5.594-16.77 3.469-34.89 20.23-40.48c16.83-5.625 34.91 3.469 40.48 20.23c6.078 18.23 23.08 30.48 42.3 30.48h79.95c39.36 0 71.39-32.03 71.39-71.39s-32.03-71.38-71.39-71.38H32c-9.484 0-18.47-4.203-24.56-11.48C1.359 254.5-1.172 244.9 .5156 235.6l32-177.2C35.27 43.09 48.52 32.01 64 32.01l192 .0049c17.67 0 32 14.33 32 32s-14.33 32-32 32H90.73L70.3 209.2h114.3C259.3 209.2 320 269.1 320 344.6z\"><\/path><\/svg><\/span><span class=\"uagb-icon-list__label\">Demeurer au Qu\u00e9bec<\/span><\/div>\n\n\n\n<div class=\"wp-block-uagb-icon-list-child uagb-block-370f8cd2\"><span class=\"uagb-icon-list__source-wrap\"><svg xmlns=\"https:\/\/www.w3.org\/2000\/svg\" viewBox=\"0 0 320 512\"><path d=\"M167.7 160.8l64.65-76.06c11.47-13.45 9.812-33.66-3.656-45.09C222.7 34.51 215.3 32.01 208 32.01c-9.062 0-18.06 3.833-24.38 11.29C38.07 214.5 0 245.5 0 320c0 88.22 71.78 160 160 160s160-71.78 160-160C320 234.4 252.3 164.9 167.7 160.8zM160 416c-52.94 0-96-43.06-96-96s43.06-95.1 96-95.1s96 43.06 96 95.1S212.9 416 160 416z\"><\/path><\/svg><\/span><span class=\"uagb-icon-list__label\">Finalisation de l&#8217;\u00e9valuation de votre demande par les autorit\u00e9s<\/span><\/div>\n\n\n\n<div class=\"wp-block-uagb-icon-list-child uagb-block-14f0633a\"><span class=\"uagb-icon-list__source-wrap\"><svg xmlns=\"https:\/\/www.w3.org\/2000\/svg\" viewBox=\"0 0 320 512\"><path d=\"M315.6 80.14l-224 384c-5.953 10.19-16.66 15.88-27.67 15.88c-5.469 0-11.02-1.406-16.09-4.359c-15.27-8.906-20.42-28.5-11.52-43.77l195.9-335.9H32c-17.67 0-32-14.33-32-32s14.33-32 32-32h256c11.45 0 22.05 6.125 27.75 16.06S321.4 70.23 315.6 80.14z\"><\/path><\/svg><\/span><span class=\"uagb-icon-list__label\">D\u00e9livrance d&#8217;un Certificat de S\u00e9lection du Qu\u00e9bec<\/span><\/div>\n\n\n\n<div class=\"wp-block-uagb-icon-list-child uagb-block-4cbeee6c\"><span class=\"uagb-icon-list__source-wrap\"><svg xmlns=\"https:\/\/www.w3.org\/2000\/svg\" viewBox=\"0 0 320 512\"><path d=\"M267.5 249.2C290 226.1 304 194.7 304 160c0-70.58-57.42-128-128-128h-32c-70.58 0-128 57.42-128 128c0 34.7 13.99 66.12 36.48 89.19C20.83 272.5 0 309.8 0 352c0 70.58 57.42 128 128 128h64c70.58 0 128-57.42 128-128C320 309.8 299.2 272.5 267.5 249.2zM144 96.01h32c35.3 0 64 28.7 64 64s-28.7 64-64 64h-32c-35.3 0-64-28.7-64-64S108.7 96.01 144 96.01zM192 416H128c-35.3 0-64-28.7-64-64s28.7-64 64-64h64c35.3 0 64 28.7 64 64S227.3 416 192 416z\"><\/path><\/svg><\/span><span class=\"uagb-icon-list__label\">D\u00e9p\u00f4t de votre demande de r\u00e9sidence permanente aupr\u00e8s des autorit\u00e9s f\u00e9d\u00e9rales<\/span><\/div>\n<\/div><\/div>\n<\/div>\n\n\n\n<div class=\"wp-block-uagb-container uagb-block-6cnmxmwh\">\n<div class=\"wp-block-uagb-image uagb-block-gm2naqew wp-block-uagb-image--layout-default wp-block-uagb-image--effect-static wp-block-uagb-image--align-none\"><figure class=\"wp-block-uagb-image__figure\"><img decoding=\"async\" srcset=\"https:\/\/rcican.com\/rcican\/wp-content\/uploads\/2024\/02\/Quebec_City_Montage_2016-712x1024.jpg ,https:\/\/rcican.com\/rcican\/wp-content\/uploads\/2024\/02\/Quebec_City_Montage_2016-scaled.jpg 780w, https:\/\/rcican.com\/rcican\/wp-content\/uploads\/2024\/02\/Quebec_City_Montage_2016-scaled.jpg 360w\" sizes=\"auto, (max-width: 480px) 150px\" src=\"https:\/\/rcican.com\/rcican\/wp-content\/uploads\/2024\/02\/Quebec_City_Montage_2016-712x1024.jpg\" alt=\"quebec\" class=\"uag-image-383\" width=\"600\" height=\"500\" title=\"quebec\" loading=\"lazy\" role=\"img\"\/><\/figure><\/div>\n<\/div>\n<\/div><\/div>\n","protected":false},"excerpt":{"rendered":"","protected":false},"author":2,"featured_media":0,"parent":487,"menu_order":3,"comment_status":"closed","ping_status":"closed","template":"","meta":{"_uag_custom_page_level_css":"","footnotes":""},"class_list":["post-755","page","type-page","status-publish","hentry"],"uagb_featured_image_src":{"full":false,"thumbnail":false,"medium":false,"medium_large":false,"large":false,"1536x1536":false,"2048x2048":false,"slider-thumb":false,"pop-thumb":false,"showcase-thumb-1":false,"showcase-thumb-2":false,"showcase-thumb-4":false},"uagb_author_info":{"display_name":"Michelle Cheng","author_link":"https:\/\/rcican.com\/rcican\/author\/mcheng\/"},"uagb_comment_info":0,"uagb_excerpt":null,"_links":{"self":[{"href":"https:\/\/rcican.com\/rcican\/wp-json\/wp\/v2\/pages\/755","targetHints":{"allow":["GET"]}}],"collection":[{"href":"https:\/\/rcican.com\/rcican\/wp-json\/wp\/v2\/pages"}],"about":[{"href":"https:\/\/rcican.com\/rcican\/wp-json\/wp\/v2\/types\/page"}],"author":[{"embeddable":true,"href":"https:\/\/rcican.com\/rcican\/wp-json\/wp\/v2\/users\/2"}],"replies":[{"embeddable":true,"href":"https:\/\/rcican.com\/rcican\/wp-json\/wp\/v2\/comments?post=755"}],"version-history":[{"count":4,"href":"https:\/\/rcican.com\/rcican\/wp-json\/wp\/v2\/pages\/755\/revisions"}],"predecessor-version":[{"id":765,"href":"https:\/\/rcican.com\/rcican\/wp-json\/wp\/v2\/pages\/755\/revisions\/765"}],"up":[{"embeddable":true,"href":"https:\/\/rcican.com\/rcican\/wp-json\/wp\/v2\/pages\/487"}],"wp:attachment":[{"href":"https:\/\/rcican.com\/rcican\/wp-json\/wp\/v2\/media?parent=755"}],"curies":[{"name":"wp","href":"https:\/\/api.w.org\/{rel}","templated":true}]}}